{"id":819,"date":"2023-05-09T23:10:49","date_gmt":"2023-05-09T20:10:49","guid":{"rendered":"https:\/\/rmkaucuk.com\/?page_id=819"},"modified":"2023-06-12T23:21:06","modified_gmt":"2023-06-12T20:21:06","slug":"hakkimizda","status":"publish","type":"page","link":"https:\/\/rmkaucuk.com\/en\/hakkimizda\/","title":{"rendered":"Corporate"},"content":{"rendered":"<p>[vc_row][vc_column][vc_column_text el_class=&#8221;yazi3&#8243;]<strong>ABOUT US<\/strong><\/p>\n<p>RM KAU\u00c7UK KAPLAMA SAN. VE T\u0130C. LTD. \u015eT\u0130., which is an original company based on the rubber lining sector, is prestigious in the field due to the experience and achievements of years. Within our organization chemical corrosion resistant rubber lining and coating of storage tanks, pipes, reservoirs, vessel internals, metal canals and various surfaces (sheet metal, stainless steel, concrete) are provided in our factory or in the customer\u2019s place. Furthermore, designing of the rubber lining systems and rubber lining of the parts such as pumps, valves, apparatuses, rotors, aspirators, fans, mixers, whitening and polishing rollers are carried out regarding the customer needs.[\/vc_column_text][vc_column_text el_class=&#8221;yazi3&#8243;]<strong>OUR VISION<\/strong><\/p>\n<p>Our vision is to be attuned to the global dynamics and to be a captain of the global industry, by providing added value to the country and the people.[\/vc_column_text][\/vc_column][\/vc_row]<\/p>","protected":false},"excerpt":{"rendered":"<p>[vc_row][vc_column][vc_column_text el_class=&#8221;yazi3&#8243;]ABOUT US RM KAU\u00c7UK KAPLAMA SAN. VE T\u0130C. LTD. \u015eT\u0130., which is an original company based on the rubber lining &#8230;<\/p>\n","protected":false},"author":1,"featured_media":0,"parent":0,"menu_order":0,"comment_status":"closed","ping_status":"closed","template":"","meta":{"footnotes":""},"_links":{"self":[{"href":"https:\/\/rmkaucuk.com\/en\/wp-json\/wp\/v2\/pages\/819"}],"collection":[{"href":"https:\/\/rmkaucuk.com\/en\/wp-json\/wp\/v2\/pages"}],"about":[{"href":"https:\/\/rmkaucuk.com\/en\/wp-json\/wp\/v2\/types\/page"}],"author":[{"embeddable":true,"href":"https:\/\/rmkaucuk.com\/en\/wp-json\/wp\/v2\/users\/1"}],"replies":[{"embeddable":true,"href":"https:\/\/rmkaucuk.com\/en\/wp-json\/wp\/v2\/comments?post=819"}],"version-history":[{"count":9,"href":"https:\/\/rmkaucuk.com\/en\/wp-json\/wp\/v2\/pages\/819\/revisions"}],"predecessor-version":[{"id":1096,"href":"https:\/\/rmkaucuk.com\/en\/wp-json\/wp\/v2\/pages\/819\/revisions\/1096"}],"wp:attachment":[{"href":"https:\/\/rmkaucuk.com\/en\/wp-json\/wp\/v2\/media?parent=819"}],"curies":[{"name":"wp","href":"https:\/\/api.w.org\/{rel}","templated":true}]}}