{"id":821,"date":"2023-05-09T23:11:32","date_gmt":"2023-05-09T20:11:32","guid":{"rendered":"https:\/\/rmkaucuk.com\/?page_id=821"},"modified":"2023-06-12T23:19:06","modified_gmt":"2023-06-12T20:19:06","slug":"our-services-2","status":"publish","type":"page","link":"https:\/\/rmkaucuk.com\/en\/our-services-2\/","title":{"rendered":"Our Services"},"content":{"rendered":"<p>[vc_row][vc_column][vc_column_text el_class=&#8221;yazi3&#8243;]Within RM KAU\u00c7UK KAPLAMA facility the service of abrasion and chemical corrosion protective neoprene, ebonite, butyl, and natural rubber lining in flexible application areas such as storage tanks, pipes, funnels, pumps, reservoirs, pulleys, mixing impellers, idlers, concrete, metal canals and metal surfaces are provided regarding the demands of the customer[\/vc_column_text][\/vc_column][\/vc_row][vc_row][vc_column]\n\t<div class=\"child-page-wrapper \">\n\t\t<div class=\"grid-wrapper grid-3-columns grid-row \">\n\t\t\t<div class=\"grid-item grid-sm-6 grid-md-4\">\n\t\t\t\t<div class=\"grid-thumbnail\">\n\t\t\t\t\t<a href=\"https:\/\/rmkaucuk.com\/en\/our-services-2\/pipe-lining-coating\/\" title=\"Pipe Lining and Coating\"><img loading=\"lazy\" decoding=\"async\" width=\"600\" height=\"300\" src=\"https:\/\/rmkaucuk.com\/wp-content\/uploads\/2023\/05\/IMG-20171019-WA0035-600x300.jpg\" class=\"attachment-medium-thumb size-medium-thumb wp-post-image\" alt=\"\" srcset=\"https:\/\/rmkaucuk.com\/wp-content\/uploads\/2023\/05\/IMG-20171019-WA0035-600x300.jpg 600w, https:\/\/rmkaucuk.com\/wp-content\/uploads\/2023\/05\/IMG-20171019-WA0035-400x200.jpg 400w, https:\/\/rmkaucuk.com\/wp-content\/uploads\/2023\/05\/IMG-20171019-WA0035-800x400.jpg 800w\" sizes=\"(max-width: 600px) 100vw, 600px\" \/><\/a>\n\t\t\t\t<\/div>\n\t\t\t\t<h3 class=\"grid-title\"><a href=\"https:\/\/rmkaucuk.com\/en\/our-services-2\/pipe-lining-coating\/\" rel=\"bookmark\">Pipe Lining and Coating<\/a><\/h3>\n\n\t\t\t\t<p>[vc_row][vc_column width=&#8221;1\/2&#8243;][vc_column_text]Pipe Lining and Coating (Pipes of various sizes are coated with rubber suitable for the working environment.)[\/vc_column_text][vc_btn title=&#8221;detayl\u0131 bilgi ve ...<\/p>\n\n\t\t\t\t<a class=\"grid-more\" href=\"https:\/\/rmkaucuk.com\/en\/our-services-2\/pipe-lining-coating\/\" title=\"Pipe Lining and Coating\">next<\/a>\n\n\t\t\t<\/div>\n\t\t\t\n\t\t\t<div class=\"grid-item grid-sm-6 grid-md-4\">\n\t\t\t\t<div class=\"grid-thumbnail\">\n\t\t\t\t\t<a href=\"https:\/\/rmkaucuk.com\/en\/our-services-2\/tank-kaplama\/\" title=\"Storage Tank Lining and Coating\"><img loading=\"lazy\" decoding=\"async\" width=\"600\" height=\"300\" src=\"https:\/\/rmkaucuk.com\/wp-content\/uploads\/2023\/05\/IMG-20171019-WA0028-600x300.jpg\" class=\"attachment-medium-thumb size-medium-thumb wp-post-image\" alt=\"\" srcset=\"https:\/\/rmkaucuk.com\/wp-content\/uploads\/2023\/05\/IMG-20171019-WA0028-600x300.jpg 600w, https:\/\/rmkaucuk.com\/wp-content\/uploads\/2023\/05\/IMG-20171019-WA0028-400x200.jpg 400w, https:\/\/rmkaucuk.com\/wp-content\/uploads\/2023\/05\/IMG-20171019-WA0028-800x400.jpg 800w\" sizes=\"(max-width: 600px) 100vw, 600px\" \/><\/a>\n\t\t\t\t<\/div>\n\t\t\t\t<h3 class=\"grid-title\"><a href=\"https:\/\/rmkaucuk.com\/en\/our-services-2\/tank-kaplama\/\" rel=\"bookmark\">Storage Tank Lining and Coating<\/a><\/h3>\n\n\t\t\t\t<p>[vc_row][vc_column width=&#8221;1\/2&#8243;][vc_column_text]Storage Tank Lining and Coating (Tanks of various sizes are coated with rubber suitable for acidic and alkaline working environments.)[\/vc_column_text][\/vc_column][vc_column ...<\/p>\n\n\t\t\t\t<a class=\"grid-more\" href=\"https:\/\/rmkaucuk.com\/en\/our-services-2\/tank-kaplama\/\" title=\"Storage Tank Lining and Coating\">next<\/a>\n\n\t\t\t<\/div>\n\t\t\t\n\t\t\t<div class=\"grid-item grid-sm-6 grid-md-4\">\n\t\t\t\t<div class=\"grid-thumbnail\">\n\t\t\t\t\t<a href=\"https:\/\/rmkaucuk.com\/en\/our-services-2\/funnel-lining-and-coating\/\" title=\"Funnel Lining and Coating\"><img loading=\"lazy\" decoding=\"async\" width=\"600\" height=\"300\" src=\"https:\/\/rmkaucuk.com\/wp-content\/uploads\/2023\/05\/254573842_10223881582960561_4845407034681395099_n-600x300.jpg\" class=\"attachment-medium-thumb size-medium-thumb wp-post-image\" alt=\"\" srcset=\"https:\/\/rmkaucuk.com\/wp-content\/uploads\/2023\/05\/254573842_10223881582960561_4845407034681395099_n-600x300.jpg 600w, https:\/\/rmkaucuk.com\/wp-content\/uploads\/2023\/05\/254573842_10223881582960561_4845407034681395099_n-400x200.jpg 400w, https:\/\/rmkaucuk.com\/wp-content\/uploads\/2023\/05\/254573842_10223881582960561_4845407034681395099_n-800x400.jpg 800w\" sizes=\"(max-width: 600px) 100vw, 600px\" \/><\/a>\n\t\t\t\t<\/div>\n\t\t\t\t<h3 class=\"grid-title\"><a href=\"https:\/\/rmkaucuk.com\/en\/our-services-2\/funnel-lining-and-coating\/\" rel=\"bookmark\">Funnel Lining and Coating<\/a><\/h3>\n\n\t\t\t\t<p>[vc_row][vc_column width=&#8221;1\/2&#8243;][vc_column_text]Funnel Lining and Coating (Coating applications of scrubber chimneys (smokestacks) used in thermal power plants)[\/vc_column_text][\/vc_column][vc_column width=&#8221;1\/2&#8243;][vc_column_text][\/vc_column_text][\/vc_column][\/vc_row]<\/p>\n\n\t\t\t\t<a class=\"grid-more\" href=\"https:\/\/rmkaucuk.com\/en\/our-services-2\/funnel-lining-and-coating\/\" title=\"Funnel Lining and Coating\">next<\/a>\n\n\t\t\t<\/div>\n\t\t\t\n\t\t\t\t<div class=\"clear\"><\/div>\n\t\t\t<div class=\"grid-item grid-sm-6 grid-md-4\">\n\t\t\t\t<div class=\"grid-thumbnail\">\n\t\t\t\t\t<a href=\"https:\/\/rmkaucuk.com\/en\/our-services-2\/reservoir-lining-and-coating\/\" title=\"Reservoir Lining and Coating (Vessel Internal Lining)\"><img loading=\"lazy\" decoding=\"async\" width=\"600\" height=\"300\" src=\"https:\/\/rmkaucuk.com\/wp-content\/uploads\/2023\/05\/WhatsApp-Image-2023-03-29-at-14.30.46-2-e1685093727694-600x300.jpeg\" class=\"attachment-medium-thumb size-medium-thumb wp-post-image\" alt=\"\" srcset=\"https:\/\/rmkaucuk.com\/wp-content\/uploads\/2023\/05\/WhatsApp-Image-2023-03-29-at-14.30.46-2-e1685093727694-600x300.jpeg 600w, https:\/\/rmkaucuk.com\/wp-content\/uploads\/2023\/05\/WhatsApp-Image-2023-03-29-at-14.30.46-2-e1685093727694-400x200.jpeg 400w, https:\/\/rmkaucuk.com\/wp-content\/uploads\/2023\/05\/WhatsApp-Image-2023-03-29-at-14.30.46-2-e1685093727694-800x400.jpeg 800w\" sizes=\"(max-width: 600px) 100vw, 600px\" \/><\/a>\n\t\t\t\t<\/div>\n\t\t\t\t<h3 class=\"grid-title\"><a href=\"https:\/\/rmkaucuk.com\/en\/our-services-2\/reservoir-lining-and-coating\/\" rel=\"bookmark\">Reservoir Lining and Coating (Vessel Internal Lining)<\/a><\/h3>\n\n\t\t\t\t<p>[vc_row][vc_column width=&#8221;1\/2&#8243;][vc_column_text]Reservoir Lining and Coating (Vessel Internal Lining) (Coating applications of concrete or steel vessels (reservoirs) in which abrasive objects are ...<\/p>\n\n\t\t\t\t<a class=\"grid-more\" href=\"https:\/\/rmkaucuk.com\/en\/our-services-2\/reservoir-lining-and-coating\/\" title=\"Reservoir Lining and Coating (Vessel Internal Lining)\">next<\/a>\n\n\t\t\t<\/div>\n\t\t\t\n\t\t\t<div class=\"grid-item grid-sm-6 grid-md-4\">\n\t\t\t\t<div class=\"grid-thumbnail\">\n\t\t\t\t\t<a href=\"https:\/\/rmkaucuk.com\/en\/our-services-2\/tambur-silindir-vals-kaplama\/\" title=\"Drum, Cylinder and Roller Coating\"><img loading=\"lazy\" decoding=\"async\" width=\"600\" height=\"300\" src=\"https:\/\/rmkaucuk.com\/wp-content\/uploads\/2023\/05\/WhatsApp-Image-2023-03-29-at-14.27.47-600x300.jpeg\" class=\"attachment-medium-thumb size-medium-thumb wp-post-image\" alt=\"\" srcset=\"https:\/\/rmkaucuk.com\/wp-content\/uploads\/2023\/05\/WhatsApp-Image-2023-03-29-at-14.27.47-600x300.jpeg 600w, https:\/\/rmkaucuk.com\/wp-content\/uploads\/2023\/05\/WhatsApp-Image-2023-03-29-at-14.27.47-400x200.jpeg 400w, https:\/\/rmkaucuk.com\/wp-content\/uploads\/2023\/05\/WhatsApp-Image-2023-03-29-at-14.27.47-800x400.jpeg 800w\" sizes=\"(max-width: 600px) 100vw, 600px\" \/><\/a>\n\t\t\t\t<\/div>\n\t\t\t\t<h3 class=\"grid-title\"><a href=\"https:\/\/rmkaucuk.com\/en\/our-services-2\/tambur-silindir-vals-kaplama\/\" rel=\"bookmark\">Drum, Cylinder and Roller Coating<\/a><\/h3>\n\n\t\t\t\t<p>[vc_row][vc_column width=&#8221;1\/2&#8243;][vc_column_text]Drum, Cylinder and Roller Coating (Coating in desired thickness and carving pattern of conveyor belts and drums used in applications ...<\/p>\n\n\t\t\t\t<a class=\"grid-more\" href=\"https:\/\/rmkaucuk.com\/en\/our-services-2\/tambur-silindir-vals-kaplama\/\" title=\"Drum, Cylinder and Roller Coating\">next<\/a>\n\n\t\t\t<\/div>\n\t\t\t\n\t\t\t<div class=\"grid-item grid-sm-6 grid-md-4\">\n\t\t\t\t<div class=\"grid-thumbnail\">\n\t\t\t\t\t<a href=\"https:\/\/rmkaucuk.com\/en\/our-services-2\/pompa-fan-ve-karistirici-kaplama\/\" title=\"Pump, Fan and Mixer Coating\"><img loading=\"lazy\" decoding=\"async\" width=\"540\" height=\"300\" src=\"https:\/\/rmkaucuk.com\/wp-content\/uploads\/2023\/05\/312330483_10225597161408950_1679785475618809457_n-540x300.jpg\" class=\"attachment-medium-thumb size-medium-thumb wp-post-image\" alt=\"\" \/><\/a>\n\t\t\t\t<\/div>\n\t\t\t\t<h3 class=\"grid-title\"><a href=\"https:\/\/rmkaucuk.com\/en\/our-services-2\/pompa-fan-ve-karistirici-kaplama\/\" rel=\"bookmark\">Pump, Fan and Mixer Coating<\/a><\/h3>\n\n\t\t\t\t<p>[vc_row][vc_column width=&#8221;1\/2&#8243;][vc_column_text]Pump, Fan and Mixer Coating (Sludge pumps and coating service of the equipment which is exposed to various corrosive and ...<\/p>\n\n\t\t\t\t<a class=\"grid-more\" href=\"https:\/\/rmkaucuk.com\/en\/our-services-2\/pompa-fan-ve-karistirici-kaplama\/\" title=\"Pump, Fan and Mixer Coating\">next<\/a>\n\n\t\t\t<\/div>\n\t\t\t\n\t\t\t\t<div class=\"clear\"><\/div>\n\t\t\t<div class=\"grid-item grid-sm-6 grid-md-4\">\n\t\t\t\t<div class=\"grid-thumbnail\">\n\t\t\t\t\t<a href=\"https:\/\/rmkaucuk.com\/en\/our-services-2\/ebonite-mortar\/\" title=\"Ebonite Mortar\"><img loading=\"lazy\" decoding=\"async\" width=\"600\" height=\"300\" src=\"https:\/\/rmkaucuk.com\/wp-content\/uploads\/2023\/05\/WhatsApp-Image-2023-05-16-at-20.42.07-e1684257957691-600x300.jpeg\" class=\"attachment-medium-thumb size-medium-thumb wp-post-image\" alt=\"\" srcset=\"https:\/\/rmkaucuk.com\/wp-content\/uploads\/2023\/05\/WhatsApp-Image-2023-05-16-at-20.42.07-e1684257957691-600x300.jpeg 600w, https:\/\/rmkaucuk.com\/wp-content\/uploads\/2023\/05\/WhatsApp-Image-2023-05-16-at-20.42.07-e1684257957691-400x200.jpeg 400w\" sizes=\"(max-width: 600px) 100vw, 600px\" \/><\/a>\n\t\t\t\t<\/div>\n\t\t\t\t<h3 class=\"grid-title\"><a href=\"https:\/\/rmkaucuk.com\/en\/our-services-2\/ebonite-mortar\/\" rel=\"bookmark\">Ebonite Mortar<\/a><\/h3>\n\n\t\t\t\t<p>[vc_row][vc_column width=&#8221;1\/2&#8243;][vc_column_text]Ebonite Mortar (Two-component repair mortar for hard rubber lined components)[\/vc_column_text][vc_btn title=&#8221;detayl\u0131 bilgi ve teklif formu i\u00e7in t\u0131klay\u0131n\u0131z&#8221; style=&#8221;flat&#8221; color=&#8221;black&#8221; css_animation=&#8221;none&#8221; ...<\/p>\n\n\t\t\t\t<a class=\"grid-more\" href=\"https:\/\/rmkaucuk.com\/en\/our-services-2\/ebonite-mortar\/\" title=\"Ebonite Mortar\">next<\/a>\n\n\t\t\t<\/div>\n\t\t\t\n\t\t\t<div class=\"grid-item grid-sm-6 grid-md-4\">\n\t\t\t\t<div class=\"grid-thumbnail\">\n\t\t\t\t\t<a href=\"https:\/\/rmkaucuk.com\/en\/our-services-2\/%d1%80%d0%b5%d0%b7%d0%b8%d0%bd%d0%be%d0%b2%d1%8b%d0%b5-%d0%b8%d0%b7%d0%bd%d0%be%d1%81%d0%be%d1%81%d1%82%d0%be%d0%b9%d0%ba%d0%b8%d0%b5-%d0%bf%d0%bb%d0%b0%d1%81%d1%82%d0%b8%d0%bd%d1%8b\/\" title=\"Rubber Wear Plates\"><img loading=\"lazy\" decoding=\"async\" width=\"600\" height=\"300\" src=\"https:\/\/rmkaucuk.com\/wp-content\/uploads\/2023\/05\/WhatsApp-Image-2022-07-29-at-12.21.29-3-e1684258217185-600x300.jpeg\" class=\"attachment-medium-thumb size-medium-thumb wp-post-image\" alt=\"\" srcset=\"https:\/\/rmkaucuk.com\/wp-content\/uploads\/2023\/05\/WhatsApp-Image-2022-07-29-at-12.21.29-3-e1684258217185-600x300.jpeg 600w, https:\/\/rmkaucuk.com\/wp-content\/uploads\/2023\/05\/WhatsApp-Image-2022-07-29-at-12.21.29-3-e1684258217185-400x200.jpeg 400w\" sizes=\"(max-width: 600px) 100vw, 600px\" \/><\/a>\n\t\t\t\t<\/div>\n\t\t\t\t<h3 class=\"grid-title\"><a href=\"https:\/\/rmkaucuk.com\/en\/our-services-2\/%d1%80%d0%b5%d0%b7%d0%b8%d0%bd%d0%be%d0%b2%d1%8b%d0%b5-%d0%b8%d0%b7%d0%bd%d0%be%d1%81%d0%be%d1%81%d1%82%d0%be%d0%b9%d0%ba%d0%b8%d0%b5-%d0%bf%d0%bb%d0%b0%d1%81%d1%82%d0%b8%d0%bd%d1%8b\/\" rel=\"bookmark\">Rubber Wear Plates<\/a><\/h3>\n\n\t\t\t\t<p>[vc_row][vc_column width=&#8221;1\/2&#8243;][vc_column_text]Rubber Wear Plates (Production of plates used in environments where wear is in present.)[\/vc_column_text][vc_btn title=&#8221;detayl\u0131 bilgi ve teklif formu i\u00e7in ...<\/p>\n\n\t\t\t\t<a class=\"grid-more\" href=\"https:\/\/rmkaucuk.com\/en\/our-services-2\/%d1%80%d0%b5%d0%b7%d0%b8%d0%bd%d0%be%d0%b2%d1%8b%d0%b5-%d0%b8%d0%b7%d0%bd%d0%be%d1%81%d0%be%d1%81%d1%82%d0%be%d0%b9%d0%ba%d0%b8%d0%b5-%d0%bf%d0%bb%d0%b0%d1%81%d1%82%d0%b8%d0%bd%d1%8b\/\" title=\"Rubber Wear Plates\">next<\/a>\n\n\t\t\t<\/div>\n\t\t\t\n\t\t\t<div class=\"grid-item grid-sm-6 grid-md-4\">\n\t\t\t\t<h3 class=\"grid-title\"><a href=\"https:\/\/rmkaucuk.com\/en\/our-services-2\/yapistiricilar\/\" rel=\"bookmark\">Adhesives<\/a><\/h3>\n\n\t\t\t\t<p>[vc_row][vc_column width=&#8221;1\/2&#8243;][vc_column_text]Yap\u0131\u015ft\u0131r\u0131c\u0131lar[\/vc_column_text][vc_btn title=&#8221;detayl\u0131 bilgi ve teklif formu i\u00e7in t\u0131klay\u0131n\u0131z&#8221; style=&#8221;flat&#8221; color=&#8221;black&#8221; css_animation=&#8221;none&#8221; link=&#8221;url:http%3A%2F%2Frmkaucuk.com%2Filetisim%2F||target:%20_blank|&#8221;][\/vc_column][vc_column width=&#8221;1\/2&#8243;][vc_column_text][\/vc_column_text][\/vc_column][\/vc_row]<\/p>\n\n\t\t\t\t<a class=\"grid-more\" href=\"https:\/\/rmkaucuk.com\/en\/our-services-2\/yapistiricilar\/\" title=\"Adhesives\">next<\/a>\n\n\t\t\t<\/div>\n\t\t\t\n\t\t\t\t<div class=\"clear\"><\/div>\n\t\t\t<div class=\"grid-item grid-sm-6 grid-md-4\">\n\t\t\t\t<div class=\"grid-thumbnail\">\n\t\t\t\t\t<a href=\"https:\/\/rmkaucuk.com\/en\/our-services-2\/metal-kumlama-ve-boyama\/\" title=\"Metal Sandblasting and Painting\"><img loading=\"lazy\" decoding=\"async\" width=\"600\" height=\"300\" src=\"https:\/\/rmkaucuk.com\/wp-content\/uploads\/2023\/05\/WhatsApp-Image-2023-05-11-at-11.29.32-600x300.jpeg\" class=\"attachment-medium-thumb size-medium-thumb wp-post-image\" alt=\"\" srcset=\"https:\/\/rmkaucuk.com\/wp-content\/uploads\/2023\/05\/WhatsApp-Image-2023-05-11-at-11.29.32-600x300.jpeg 600w, https:\/\/rmkaucuk.com\/wp-content\/uploads\/2023\/05\/WhatsApp-Image-2023-05-11-at-11.29.32-400x200.jpeg 400w, https:\/\/rmkaucuk.com\/wp-content\/uploads\/2023\/05\/WhatsApp-Image-2023-05-11-at-11.29.32-800x400.jpeg 800w\" sizes=\"(max-width: 600px) 100vw, 600px\" \/><\/a>\n\t\t\t\t<\/div>\n\t\t\t\t<h3 class=\"grid-title\"><a href=\"https:\/\/rmkaucuk.com\/en\/our-services-2\/metal-kumlama-ve-boyama\/\" rel=\"bookmark\">Metal Sandblasting and Painting<\/a><\/h3>\n\n\t\t\t\t<p>[vc_row][vc_column width=&#8221;1\/2&#8243;][vc_column_text]Metal Sandblasting and Painting (Sandblasting of metal surfaces in SA2-21\/2-3 standards and painting in the desired micron)[\/vc_column_text][\/vc_column][vc_column width=&#8221;1\/2&#8243;][vc_column_text][\/vc_column_text][\/vc_column][\/vc_row]<\/p>\n\n\t\t\t\t<a class=\"grid-more\" href=\"https:\/\/rmkaucuk.com\/en\/our-services-2\/metal-kumlama-ve-boyama\/\" title=\"Metal Sandblasting and Painting\">next<\/a>\n\n\t\t\t<\/div>\n\t\t\t\n\t\t<\/div>\n\t<\/div>[\/vc_column][\/vc_row]<\/p>","protected":false},"excerpt":{"rendered":"<p>[vc_row][vc_column][vc_column_text el_class=&#8221;yazi3&#8243;]Within RM KAU\u00c7UK KAPLAMA facility the service of abrasion and chemical corrosion protective neoprene, ebonite, butyl, and natural rubber lining &#8230;<\/p>\n","protected":false},"author":1,"featured_media":0,"parent":0,"menu_order":0,"comment_status":"closed","ping_status":"closed","template":"","meta":{"footnotes":""},"_links":{"self":[{"href":"https:\/\/rmkaucuk.com\/en\/wp-json\/wp\/v2\/pages\/821"}],"collection":[{"href":"https:\/\/rmkaucuk.com\/en\/wp-json\/wp\/v2\/pages"}],"about":[{"href":"https:\/\/rmkaucuk.com\/en\/wp-json\/wp\/v2\/types\/page"}],"author":[{"embeddable":true,"href":"https:\/\/rmkaucuk.com\/en\/wp-json\/wp\/v2\/users\/1"}],"replies":[{"embeddable":true,"href":"https:\/\/rmkaucuk.com\/en\/wp-json\/wp\/v2\/comments?post=821"}],"version-history":[{"count":21,"href":"https:\/\/rmkaucuk.com\/en\/wp-json\/wp\/v2\/pages\/821\/revisions"}],"predecessor-version":[{"id":1095,"href":"https:\/\/rmkaucuk.com\/en\/wp-json\/wp\/v2\/pages\/821\/revisions\/1095"}],"wp:attachment":[{"href":"https:\/\/rmkaucuk.com\/en\/wp-json\/wp\/v2\/media?parent=821"}],"curies":[{"name":"wp","href":"https:\/\/api.w.org\/{rel}","templated":true}]}}