{"id":831,"date":"2023-05-09T23:15:23","date_gmt":"2023-05-09T20:15:23","guid":{"rendered":"https:\/\/rmkaucuk.com\/?page_id=831"},"modified":"2024-01-19T15:46:06","modified_gmt":"2024-01-19T12:46:06","slug":"iletisim","status":"publish","type":"page","link":"https:\/\/rmkaucuk.com\/en\/iletisim\/","title":{"rendered":"COMMUNICATION"},"content":{"rendered":"<p>[vc_row][vc_column width=&#8221;1\/2&#8243;][vc_raw_html]JTNDZGl2JTIwY2xhc3MlM0QlMjJjb250YWN0LWluZm8tYm94JTIyJTNFJTBBJTA5JTNDZGl2JTIwY2xhc3MlM0QlMjJjb250YWN0LWluZm8taXRlbSUyMiUzRSUwQSUwOSUwOSUzQ2RpdiUyMGNsYXNzJTNEJTIyY29udGFjdC10ZXh0JTIyJTNFJTNDaSUyMGNsYXNzJTNEJTIyZmElMjBmYS1tYXAtbWFya2VyJTIyJTNFJTNDJTJGaSUzRSUzQyUyRmRpdiUzRSUwQSUwOSUwOSUzQ2RpdiUyMGNsYXNzJTNEJTIyY29udGFjdC12YWx1ZSUyMiUzRSUwOSUwQUclQzMlQkNsbCVDMyVCQ2NlJTIwTWguJTIwMyUyME5vbHUlMjBDYWQuJTIwTm8lM0ExJTIwTS5LZW1hbHBhJUM1JTlGYSUyRkJVUlNBJTBBJTA5JTNDJTJGZGl2JTNFJTBBJTA5JTNDJTJGZGl2JTNFJTBBJTA5JTNDZGl2JTIwY2xhc3MlM0QlMjJjb250YWN0LWluZm8taXRlbSUyMiUzRSUwQSUwOSUwOSUzQ2RpdiUyMGNsYXNzJTNEJTIyY29udGFjdC10ZXh0JTIyJTNFJTNDaSUyMGNsYXNzJTNEJTIyZmElMjBmYS1waG9uZSUyMiUzRSUzQyUyRmklM0UlM0MlMkZkaXYlM0UlMEElMDklMDklM0NkaXYlMjBjbGFzcyUzRCUyMmNvbnRhY3QtdmFsdWUlMjIlM0UlMkI5MCUyMDUzMyUyMDU2MSUyMDA2JTIwNDUlM0MlMkZkaXYlM0UlMEElMDklM0MlMkZkaXYlM0UlMjAlMEElMDklM0NkaXYlMjBjbGFzcyUzRCUyMmNvbnRhY3QtaW5mby1pdGVtJTIyJTNFJTBBJTA5JTA5JTNDZGl2JTIwY2xhc3MlM0QlMjJjb250YWN0LXRleHQlMjIlM0UlM0NpJTIwY2xhc3MlM0QlMjJmYSUyMGZhLWVudmVsb3BlJTIyJTNFJTNDJTJGaSUzRSUzQyUyRmRpdiUzRSUwQSUwOSUwOSUzQ2RpdiUyMGNsYXNzJTNEJTIyY29udGFjdC12YWx1ZSUyMiUzRSUzQ2ElMjBocmVmJTNEJTIyaW5mbyU0MHJta2F1Y3VrLmNvbSUyMiUzRWluZm8lNDBybWthdWN1ay5jb20lM0MlMkZhJTNFJTNDJTJGZGl2JTNFJTBBJTA5JTNDJTJGZGl2JTNFJTIwJTBBJTNDJTJGZGl2JTNF[\/vc_raw_html][\/vc_column][vc_column width=&#8221;1\/2&#8243;][vc_raw_html]JTNDaWZyYW1lJTIwc3JjJTNEJTIyaHR0cHMlM0ElMkYlMkZ3d3cuZ29vZ2xlLmNvbSUyRm1hcHMlMkZlbWJlZCUzRnBiJTNEJTIxMW0xOCUyMTFtMTIlMjExbTMlMjExZDMwNTYuNTE3NTAzNTM4MDE4JTIxMmQyOC4zMDIzNjA2MTI0MDIwNDclMjEzZDM5Ljk5Njg4NjY4MDk2NTM5NiUyMTJtMyUyMTFmMCUyMTJmMCUyMTNmMCUyMTNtMiUyMTFpMTAyNCUyMTJpNzY4JTIxNGYxMy4xJTIxM20zJTIxMW0yJTIxMXMweDE0YjYxM2IwMjg4MzAzZDklMjUzQTB4OGNiMzc1ODhlZDM3ZWE2JTIxMnpVazBnUzBGVnc0ZFZTeUJMUVZCTVFVMUJJRk5CVGtGWnhMQWdWa1VnVk1Td1EwRlNSVlFnVE1Td1RjU3dWRVZFSU1XZXhMQlNTMFZVeExBJTIxNWUwJTIxM20yJTIxMXN0ciUyMTJzdHIlMjE0djE2ODM4Mzc0MzMxODMlMjE1bTIlMjExc3RyJTIxMnN0ciUyMiUyMHdpZHRoJTNEJTIyMTAwJTI1JTIyJTIwaGVpZ2h0JTNEJTIyMjUwJTIyJTIwc3R5bGUlM0QlMjJib3JkZXIlM0EwJTNCJTIyJTIwYWxsb3dmdWxsc2NyZWVuJTNEJTIyJTIyJTIwbG9hZGluZyUzRCUyMmxhenklMjIlMjByZWZlcnJlcnBvbGljeSUzRCUyMm5vLXJlZmVycmVyLXdoZW4tZG93bmdyYWRlJTIyJTNFJTNDJTJGaWZyYW1lJTNF[\/vc_raw_html][\/vc_column][\/vc_row][vc_row][vc_column]<div role=\"form\" class=\"wpcf7\" id=\"wpcf7-f867-o2\" lang=\"tr-TR\" dir=\"ltr\">\n<div class=\"screen-reader-response\"><\/div>\n<form action=\"\/en\/wp-json\/wp\/v2\/pages\/831#wpcf7-f867-o2\" method=\"post\" class=\"wpcf7-form\" novalidate=\"novalidate\">\n<div style=\"display: none;\">\n<input type=\"hidden\" name=\"_wpcf7\" value=\"867\" \/>\n<input type=\"hidden\" name=\"_wpcf7_version\" value=\"4.9.1\" \/>\n<input type=\"hidden\" name=\"_wpcf7_locale\" value=\"tr_TR\" \/>\n<input type=\"hidden\" name=\"_wpcf7_unit_tag\" value=\"wpcf7-f867-o2\" \/>\n<input type=\"hidden\" name=\"_wpcf7_container_post\" value=\"0\" \/>\n<\/div>\n<div class=\"row_inner_wrapper  clearfix\">\n<div class=\"wpb_column vc_column_container vc_col-sm-4\" style=\"padding:0px;\">\n<div class=\"form-item\">\n  <label><br \/>\n    Ad\u0131n\u0131z Soyad\u0131n\u0131z *<br \/>\n  <\/label><br \/>\n  <span class=\"wpcf7-form-control-wrap your-name\"><input type=\"text\" name=\"your-name\" value=\"\" size=\"40\" class=\"wpcf7-form-control wpcf7-text wpcf7-validates-as-required\" aria-required=\"true\" aria-invalid=\"false\" \/><\/span>\n<\/div>\n<\/div>\n<div class=\"wpb_column vc_column_container vc_col-sm-4\" style=\"padding:0px 0px 0px 0px;\">\n<div class=\"form-item\">\n  <label><br \/>\n    Telefon Numaran\u0131z *<br \/>\n  <\/label><br \/>\n   <span class=\"wpcf7-form-control-wrap tel-688\"><input type=\"tel\" name=\"tel-688\" value=\"\" size=\"40\" class=\"wpcf7-form-control wpcf7-text wpcf7-tel wpcf7-validates-as-required wpcf7-validates-as-tel\" aria-required=\"true\" aria-invalid=\"false\" \/><\/span>\n<\/div>\n<\/div>\n<div class=\"wpb_column vc_column_container vc_col-sm-4\" style=\"padding:0px 0px 0px 0px;\">\n<div class=\"form-item\">\n  <label><br \/>\n    E-posta Adresiniz *<br \/>\n  <\/label><br \/>\n  <span class=\"wpcf7-form-control-wrap your-email\"><input type=\"email\" name=\"your-email\" value=\"\" size=\"40\" class=\"wpcf7-form-control wpcf7-text wpcf7-email wpcf7-validates-as-required wpcf7-validates-as-email\" aria-required=\"true\" aria-invalid=\"false\" \/><\/span>\n<\/div>\n<\/div>\n<div style=\"clear:both;\"><\/div>\n<div class=\"wpb_column vc_column_container vc_col-sm-4\" style=\"padding:0px;\">\n<div class=\"form-item\">\n  <label for=\"company\"><br \/>\n    Firman\u0131z\u0131n Ad\u0131<br \/>\n  <\/label><br \/>\n   <span class=\"wpcf7-form-control-wrap text-582\"><input type=\"text\" name=\"text-582\" value=\"\" size=\"40\" class=\"wpcf7-form-control wpcf7-text\" aria-invalid=\"false\" \/><\/span>\n<\/div>\n<\/div>\n<div class=\"wpb_column vc_column_container vc_col-sm-8\" style=\"padding:0px 0px 0px 0px;\">\n<div class=\"form-item\">\n  <label for=\"topic\"><br \/>\n    Konu *<br \/>\n  <\/label><br \/>\n  <span class=\"wpcf7-form-control-wrap your-subject\"><input type=\"text\" name=\"your-subject\" value=\"\" size=\"40\" class=\"wpcf7-form-control wpcf7-text wpcf7-validates-as-required\" aria-required=\"true\" aria-invalid=\"false\" \/><\/span>\n<\/div>\n<\/div>\n<div style=\"clear:both;\"><\/div>\n<div class=\"wpb_column vc_column_container vc_col-sm-12\" style=\"padding:0px;\">\n<div class=\"form-item\">\n  <label for=\"message\"><br \/>\n    Mesaj\u0131n\u0131z *<br \/>\n  <\/label><br \/>\n  <span class=\"wpcf7-form-control-wrap your-message\"><textarea name=\"your-message\" cols=\"40\" rows=\"10\" class=\"wpcf7-form-control wpcf7-textarea\" aria-invalid=\"false\"><\/textarea><\/span>\n<\/div>\n<\/div>\n<div style=\"clear:both;\"><\/div>\n<div class=\"wpb_column vc_column_container vc_col-sm-6\" style=\"padding:0px;\">\n<div class=\"form-item\">\n  <label for=\"message\"><br \/>\n    G\u00fcvenlik Sorusu *<br \/>\n  <\/label><br \/>\n   <span class=\"wpcf7-form-control-wrap quiz-435\"><label><span class=\"wpcf7-quiz-label\">2+2=?<\/span> <input type=\"text\" name=\"quiz-435\" size=\"40\" class=\"wpcf7-form-control wpcf7-quiz\" autocomplete=\"off\" aria-required=\"true\" aria-invalid=\"false\" \/><\/label><input type=\"hidden\" name=\"_wpcf7_quiz_answer_quiz-435\" value=\"d666a550c385f1378ec7dbb7457c7b6d\" \/><\/span>\n<\/div>\n<\/div>\n<div class=\"wpb_column vc_column_container vc_col-sm-6\" style=\"padding:0px;\">\n<label for=\"message\"><br \/>\n  &nbsp;<br \/>\n  <\/label><br><br \/>\n   <input type=\"submit\" value=\"G\u00f6nder\" class=\"wpcf7-form-control wpcf7-submit\" \/>\n<\/div>\n<\/div>\n<div style=\"clear:both;\"><\/div>\n<p><br><\/p>\n<div class=\"wpcf7-response-output wpcf7-display-none\"><\/div><\/form><\/div>[\/vc_column][\/vc_row]<\/p>","protected":false},"excerpt":{"rendered":"<p>[vc_row][vc_column width=&#8221;1\/2&#8243;][vc_raw_html]JTNDZGl2JTIwY2xhc3MlM0QlMjJjb250YWN0LWluZm8tYm94JTIyJTNFJTBBJTA5JTNDZGl2JTIwY2xhc3MlM0QlMjJjb250YWN0LWluZm8taXRlbSUyMiUzRSUwQSUwOSUwOSUzQ2RpdiUyMGNsYXNzJTNEJTIyY29udGFjdC10ZXh0JTIyJTNFJTNDaSUyMGNsYXNzJTNEJTIyZmElMjBmYS1tYXAtbWFya2VyJTIyJTNFJTNDJTJGaSUzRSUzQyUyRmRpdiUzRSUwQSUwOSUwOSUzQ2RpdiUyMGNsYXNzJTNEJTIyY29udGFjdC12YWx1ZSUyMiUzRSUwOSUwQUclQzMlQkNsbCVDMyVCQ2NlJTIwTWguJTIwMyUyME5vbHUlMjBDYWQuJTIwTm8lM0ExJTIwTS5LZW1hbHBhJUM1JTlGYSUyRkJVUlNBJTBBJTA5JTNDJTJGZGl2JTNFJTBBJTA5JTNDJTJGZGl2JTNFJTBBJTA5JTNDZGl2JTIwY2xhc3MlM0QlMjJjb250YWN0LWluZm8taXRlbSUyMiUzRSUwQSUwOSUwOSUzQ2RpdiUyMGNsYXNzJTNEJTIyY29udGFjdC10ZXh0JTIyJTNFJTNDaSUyMGNsYXNzJTNEJTIyZmElMjBmYS1waG9uZSUyMiUzRSUzQyUyRmklM0UlM0MlMkZkaXYlM0UlMEElMDklMDklM0NkaXYlMjBjbGFzcyUzRCUyMmNvbnRhY3QtdmFsdWUlMjIlM0UlMkI5MCUyMDUzMyUyMDU2MSUyMDA2JTIwNDUlM0MlMkZkaXYlM0UlMEElMDklM0MlMkZkaXYlM0UlMjAlMEElMDklM0NkaXYlMjBjbGFzcyUzRCUyMmNvbnRhY3QtaW5mby1pdGVtJTIyJTNFJTBBJTA5JTA5JTNDZGl2JTIwY2xhc3MlM0QlMjJjb250YWN0LXRleHQlMjIlM0UlM0NpJTIwY2xhc3MlM0QlMjJmYSUyMGZhLWVudmVsb3BlJTIyJTNFJTNDJTJGaSUzRSUzQyUyRmRpdiUzRSUwQSUwOSUwOSUzQ2RpdiUyMGNsYXNzJTNEJTIyY29udGFjdC12YWx1ZSUyMiUzRSUzQ2ElMjBocmVmJTNEJTIyaW5mbyU0MHJta2F1Y3VrLmNvbSUyMiUzRWluZm8lNDBybWthdWN1ay5jb20lM0MlMkZhJTNFJTNDJTJGZGl2JTNFJTBBJTA5JTNDJTJGZGl2JTNFJTIwJTBBJTNDJTJGZGl2JTNF[\/vc_raw_html][\/vc_column][vc_column width=&#8221;1\/2&#8243;][vc_raw_html]JTNDaWZyYW1lJTIwc3JjJTNEJTIyaHR0cHMlM0ElMkYlMkZ3d3cuZ29vZ2xlLmNvbSUyRm1hcHMlMkZlbWJlZCUzRnBiJTNEJTIxMW0xOCUyMTFtMTIlMjExbTMlMjExZDMwNTYuNTE3NTAzNTM4MDE4JTIxMmQyOC4zMDIzNjA2MTI0MDIwNDclMjEzZDM5Ljk5Njg4NjY4MDk2NTM5NiUyMTJtMyUyMTFmMCUyMTJmMCUyMTNmMCUyMTNtMiUyMTFpMTAyNCUyMTJpNzY4JTIxNGYxMy4xJTIxM20zJTIxMW0yJTIxMXMweDE0YjYxM2IwMjg4MzAzZDklMjUzQTB4OGNiMzc1ODhlZDM3ZWE2JTIxMnpVazBnUzBGVnc0ZFZTeUJMUVZCTVFVMUJJRk5CVGtGWnhMQWdWa1VnVk1Td1EwRlNSVlFnVE1Td1RjU3dWRVZFSU1XZXhMQlNTMFZVeExBJTIxNWUwJTIxM20yJTIxMXN0ciUyMTJzdHIlMjE0djE2ODM4Mzc0MzMxODMlMjE1bTIlMjExc3RyJTIxMnN0ciUyMiUyMHdpZHRoJTNEJTIyMTAwJTI1JTIyJTIwaGVpZ2h0JTNEJTIyMjUwJTIyJTIwc3R5bGUlM0QlMjJib3JkZXIlM0EwJTNCJTIyJTIwYWxsb3dmdWxsc2NyZWVuJTNEJTIyJTIyJTIwbG9hZGluZyUzRCUyMmxhenklMjIlMjByZWZlcnJlcnBvbGljeSUzRCUyMm5vLXJlZmVycmVyLXdoZW4tZG93bmdyYWRlJTIyJTNFJTNDJTJGaWZyYW1lJTNF[\/vc_raw_html][\/vc_column][\/vc_row][vc_row][vc_column][\/vc_column][\/vc_row]<\/p>\n","protected":false},"author":1,"featured_media":0,"parent":0,"menu_order":0,"comment_status":"closed","ping_status":"closed","template":"","meta":{"footnotes":""},"_links":{"self":[{"href":"https:\/\/rmkaucuk.com\/en\/wp-json\/wp\/v2\/pages\/831"}],"collection":[{"href":"https:\/\/rmkaucuk.com\/en\/wp-json\/wp\/v2\/pages"}],"about":[{"href":"https:\/\/rmkaucuk.com\/en\/wp-json\/wp\/v2\/types\/page"}],"author":[{"embeddable":true,"href":"https:\/\/rmkaucuk.com\/en\/wp-json\/wp\/v2\/users\/1"}],"replies":[{"embeddable":true,"href":"https:\/\/rmkaucuk.com\/en\/wp-json\/wp\/v2\/comments?post=831"}],"version-history":[{"count":9,"href":"https:\/\/rmkaucuk.com\/en\/wp-json\/wp\/v2\/pages\/831\/revisions"}],"predecessor-version":[{"id":1104,"href":"https:\/\/rmkaucuk.com\/en\/wp-json\/wp\/v2\/pages\/831\/revisions\/1104"}],"wp:attachment":[{"href":"https:\/\/rmkaucuk.com\/en\/wp-json\/wp\/v2\/media?parent=831"}],"curies":[{"name":"wp","href":"https:\/\/api.w.org\/{rel}","templated":true}]}}