{"id":916,"date":"2023-05-14T14:25:20","date_gmt":"2023-05-14T11:25:20","guid":{"rendered":"https:\/\/rmkaucuk.com\/?page_id=916"},"modified":"2023-06-07T11:19:04","modified_gmt":"2023-06-07T08:19:04","slug":"pipe-lining-coating","status":"publish","type":"page","link":"https:\/\/rmkaucuk.com\/en\/our-services-2\/pipe-lining-coating\/","title":{"rendered":"Pipe Lining and Coating"},"content":{"rendered":"<p>[vc_row][vc_column width=&#8221;1\/2&#8243;][vc_column_text]<strong>Pipe Lining and Coating<\/strong> (Pipes of various sizes are coated with rubber suitable for the working environment.)[\/vc_column_text][vc_btn title=&#8221;detayl\u0131 bilgi ve teklif formu i\u00e7in t\u0131klay\u0131n\u0131z&#8221; style=&#8221;flat&#8221; color=&#8221;black&#8221; css_animation=&#8221;none&#8221; link=&#8221;url:http%3A%2F%2Frmkaucuk.com%2Filetisim%2F||target:%20_blank|&#8221;][\/vc_column][vc_column width=&#8221;1\/2&#8243;][vc_column_text]<a href=\"https:\/\/rmkaucuk.com\/wp-content\/uploads\/2023\/05\/70.jpg\"><img decoding=\"async\" class=\"alignnone size-medium wp-image-902\" src=\"https:\/\/rmkaucuk.com\/wp-content\/uploads\/2023\/05\/70-300x168.jpg\" alt=\"\" width=\"100%\" srcset=\"https:\/\/rmkaucuk.com\/wp-content\/uploads\/2023\/05\/70-300x168.jpg 300w, https:\/\/rmkaucuk.com\/wp-content\/uploads\/2023\/05\/70-768x431.jpg 768w, https:\/\/rmkaucuk.com\/wp-content\/uploads\/2023\/05\/70.jpg 990w\" sizes=\"(max-width: 300px) 100vw, 300px\" \/><\/a>[\/vc_column_text][\/vc_column][\/vc_row]<\/p>","protected":false},"excerpt":{"rendered":"<p>[vc_row][vc_column width=&#8221;1\/2&#8243;][vc_column_text]Pipe Lining and Coating (Pipes of various sizes are coated with rubber suitable for the working environment.)[\/vc_column_text][vc_btn title=&#8221;detayl\u0131 bilgi ve &#8230;<\/p>\n","protected":false},"author":1,"featured_media":977,"parent":821,"menu_order":0,"comment_status":"closed","ping_status":"closed","template":"","meta":{"footnotes":""},"_links":{"self":[{"href":"https:\/\/rmkaucuk.com\/en\/wp-json\/wp\/v2\/pages\/916"}],"collection":[{"href":"https:\/\/rmkaucuk.com\/en\/wp-json\/wp\/v2\/pages"}],"about":[{"href":"https:\/\/rmkaucuk.com\/en\/wp-json\/wp\/v2\/types\/page"}],"author":[{"embeddable":true,"href":"https:\/\/rmkaucuk.com\/en\/wp-json\/wp\/v2\/users\/1"}],"replies":[{"embeddable":true,"href":"https:\/\/rmkaucuk.com\/en\/wp-json\/wp\/v2\/comments?post=916"}],"version-history":[{"count":7,"href":"https:\/\/rmkaucuk.com\/en\/wp-json\/wp\/v2\/pages\/916\/revisions"}],"predecessor-version":[{"id":1071,"href":"https:\/\/rmkaucuk.com\/en\/wp-json\/wp\/v2\/pages\/916\/revisions\/1071"}],"up":[{"embeddable":true,"href":"https:\/\/rmkaucuk.com\/en\/wp-json\/wp\/v2\/pages\/821"}],"wp:featuredmedia":[{"embeddable":true,"href":"https:\/\/rmkaucuk.com\/en\/wp-json\/wp\/v2\/media\/977"}],"wp:attachment":[{"href":"https:\/\/rmkaucuk.com\/en\/wp-json\/wp\/v2\/media?parent=916"}],"curies":[{"name":"wp","href":"https:\/\/api.w.org\/{rel}","templated":true}]}}