{"id":936,"date":"2023-05-15T21:26:01","date_gmt":"2023-05-15T18:26:01","guid":{"rendered":"https:\/\/rmkaucuk.com\/?page_id=936"},"modified":"2023-06-07T11:25:05","modified_gmt":"2023-06-07T08:25:05","slug":"reservoir-lining-and-coating","status":"publish","type":"page","link":"https:\/\/rmkaucuk.com\/en\/our-services-2\/reservoir-lining-and-coating\/","title":{"rendered":"Reservoir Lining and Coating (Vessel Internal Lining)"},"content":{"rendered":"<p>[vc_row][vc_column width=&#8221;1\/2&#8243;][vc_column_text]<strong>Reservoir Lining and Coating (Vessel Internal Lining) <\/strong>(Coating applications of concrete or steel vessels (reservoirs) in which abrasive objects are transmitted or acidic liquids are stored)[\/vc_column_text][vc_btn title=&#8221;detayl\u0131 bilgi ve teklif formu i\u00e7in t\u0131klay\u0131n\u0131z&#8221; style=&#8221;flat&#8221; color=&#8221;black&#8221; css_animation=&#8221;none&#8221; link=&#8221;url:http%3A%2F%2Frmkaucuk.com%2Filetisim%2F||target:%20_blank|&#8221;][\/vc_column][vc_column width=&#8221;1\/2&#8243;][vc_column_text]<img loading=\"lazy\" decoding=\"async\" class=\"alignnone size-medium wp-image-978\" src=\"https:\/\/rmkaucuk.com\/wp-content\/uploads\/2023\/05\/271598050_10224172565794950_3850377311371840245_n-1-300x225.jpg\" alt=\"\" width=\"300\" height=\"225\" srcset=\"https:\/\/rmkaucuk.com\/wp-content\/uploads\/2023\/05\/271598050_10224172565794950_3850377311371840245_n-1-300x225.jpg 300w, https:\/\/rmkaucuk.com\/wp-content\/uploads\/2023\/05\/271598050_10224172565794950_3850377311371840245_n-1-1024x768.jpg 1024w, https:\/\/rmkaucuk.com\/wp-content\/uploads\/2023\/05\/271598050_10224172565794950_3850377311371840245_n-1-768x576.jpg 768w, https:\/\/rmkaucuk.com\/wp-content\/uploads\/2023\/05\/271598050_10224172565794950_3850377311371840245_n-1-1536x1152.jpg 1536w, https:\/\/rmkaucuk.com\/wp-content\/uploads\/2023\/05\/271598050_10224172565794950_3850377311371840245_n-1.jpg 2048w\" sizes=\"(max-width: 300px) 100vw, 300px\" \/>[\/vc_column_text][\/vc_column][\/vc_row]<\/p>","protected":false},"excerpt":{"rendered":"<p>[vc_row][vc_column width=&#8221;1\/2&#8243;][vc_column_text]Reservoir Lining and Coating (Vessel Internal Lining) (Coating applications of concrete or steel vessels (reservoirs) in which abrasive objects are &#8230;<\/p>\n","protected":false},"author":1,"featured_media":980,"parent":821,"menu_order":0,"comment_status":"closed","ping_status":"closed","template":"","meta":{"footnotes":""},"_links":{"self":[{"href":"https:\/\/rmkaucuk.com\/en\/wp-json\/wp\/v2\/pages\/936"}],"collection":[{"href":"https:\/\/rmkaucuk.com\/en\/wp-json\/wp\/v2\/pages"}],"about":[{"href":"https:\/\/rmkaucuk.com\/en\/wp-json\/wp\/v2\/types\/page"}],"author":[{"embeddable":true,"href":"https:\/\/rmkaucuk.com\/en\/wp-json\/wp\/v2\/users\/1"}],"replies":[{"embeddable":true,"href":"https:\/\/rmkaucuk.com\/en\/wp-json\/wp\/v2\/comments?post=936"}],"version-history":[{"count":4,"href":"https:\/\/rmkaucuk.com\/en\/wp-json\/wp\/v2\/pages\/936\/revisions"}],"predecessor-version":[{"id":1073,"href":"https:\/\/rmkaucuk.com\/en\/wp-json\/wp\/v2\/pages\/936\/revisions\/1073"}],"up":[{"embeddable":true,"href":"https:\/\/rmkaucuk.com\/en\/wp-json\/wp\/v2\/pages\/821"}],"wp:featuredmedia":[{"embeddable":true,"href":"https:\/\/rmkaucuk.com\/en\/wp-json\/wp\/v2\/media\/980"}],"wp:attachment":[{"href":"https:\/\/rmkaucuk.com\/en\/wp-json\/wp\/v2\/media?parent=936"}],"curies":[{"name":"wp","href":"https:\/\/api.w.org\/{rel}","templated":true}]}}