{"id":952,"date":"2023-05-16T20:21:50","date_gmt":"2023-05-16T17:21:50","guid":{"rendered":"https:\/\/rmkaucuk.com\/?page_id=952"},"modified":"2023-06-07T11:20:57","modified_gmt":"2023-06-07T08:20:57","slug":"ebonite-mortar","status":"publish","type":"page","link":"https:\/\/rmkaucuk.com\/en\/our-services-2\/ebonite-mortar\/","title":{"rendered":"Ebonite Mortar"},"content":{"rendered":"<p>[vc_row][vc_column width=&#8221;1\/2&#8243;][vc_column_text]<strong>Ebonite Mortar<\/strong> (Two-component repair mortar for hard rubber lined components)[\/vc_column_text][vc_btn title=&#8221;detayl\u0131 bilgi ve teklif formu i\u00e7in t\u0131klay\u0131n\u0131z&#8221; style=&#8221;flat&#8221; color=&#8221;black&#8221; css_animation=&#8221;none&#8221; link=&#8221;url:http%3A%2F%2Frmkaucuk.com%2Filetisim%2F||target:%20_blank|&#8221;][\/vc_column][vc_column width=&#8221;1\/2&#8243;][vc_column_text]<img loading=\"lazy\" decoding=\"async\" class=\"alignnone size-medium wp-image-953\" src=\"https:\/\/rmkaucuk.com\/wp-content\/uploads\/2023\/05\/WhatsApp-Image-2023-05-16-at-20.42.07-300x289.jpeg\" alt=\"\" width=\"300\" height=\"289\" \/>[\/vc_column_text][\/vc_column][\/vc_row]<\/p>","protected":false},"excerpt":{"rendered":"<p>[vc_row][vc_column width=&#8221;1\/2&#8243;][vc_column_text]Ebonite Mortar (Two-component repair mortar for hard rubber lined components)[\/vc_column_text][vc_btn title=&#8221;detayl\u0131 bilgi ve teklif formu i\u00e7in t\u0131klay\u0131n\u0131z&#8221; style=&#8221;flat&#8221; color=&#8221;black&#8221; css_animation=&#8221;none&#8221; &#8230;<\/p>\n","protected":false},"author":2,"featured_media":953,"parent":821,"menu_order":0,"comment_status":"closed","ping_status":"closed","template":"","meta":{"footnotes":""},"_links":{"self":[{"href":"https:\/\/rmkaucuk.com\/en\/wp-json\/wp\/v2\/pages\/952"}],"collection":[{"href":"https:\/\/rmkaucuk.com\/en\/wp-json\/wp\/v2\/pages"}],"about":[{"href":"https:\/\/rmkaucuk.com\/en\/wp-json\/wp\/v2\/types\/page"}],"author":[{"embeddable":true,"href":"https:\/\/rmkaucuk.com\/en\/wp-json\/wp\/v2\/users\/2"}],"replies":[{"embeddable":true,"href":"https:\/\/rmkaucuk.com\/en\/wp-json\/wp\/v2\/comments?post=952"}],"version-history":[{"count":2,"href":"https:\/\/rmkaucuk.com\/en\/wp-json\/wp\/v2\/pages\/952\/revisions"}],"predecessor-version":[{"id":1072,"href":"https:\/\/rmkaucuk.com\/en\/wp-json\/wp\/v2\/pages\/952\/revisions\/1072"}],"up":[{"embeddable":true,"href":"https:\/\/rmkaucuk.com\/en\/wp-json\/wp\/v2\/pages\/821"}],"wp:featuredmedia":[{"embeddable":true,"href":"https:\/\/rmkaucuk.com\/en\/wp-json\/wp\/v2\/media\/953"}],"wp:attachment":[{"href":"https:\/\/rmkaucuk.com\/en\/wp-json\/wp\/v2\/media?parent=952"}],"curies":[{"name":"wp","href":"https:\/\/api.w.org\/{rel}","templated":true}]}}