{"id":916,"date":"2023-05-14T14:25:20","date_gmt":"2023-05-14T11:25:20","guid":{"rendered":"https:\/\/rmkaucuk.com\/?page_id=916"},"modified":"2023-06-07T11:19:04","modified_gmt":"2023-06-07T08:19:04","slug":"pipe-lining-coating","status":"publish","type":"page","link":"https:\/\/rmkaucuk.com\/ru\/our-services-2\/pipe-lining-coating\/","title":{"rendered":"\u0424\u0443\u0442\u0435\u0440\u043e\u0432\u043a\u0430 \u0438 \u043f\u043e\u043a\u0440\u044b\u0442\u0438\u0435 \u0442\u0440\u0443\u0431"},"content":{"rendered":"<p>[vc_row][vc_column width=&#8221;1\/2&#8243;][vc_column_text]<strong>\u0424\u0443\u0442\u0435\u0440\u043e\u0432\u043a\u0430 \u0438 \u043f\u043e\u043a\u0440\u044b\u0442\u0438\u0435 \u0442\u0440\u0443\u0431 <\/strong>(\u0422\u0440\u0443\u0431\u044b \u0440\u0430\u0437\u043b\u0438\u0447\u043d\u044b\u0445 \u0440\u0430\u0437\u043c\u0435\u0440\u043e\u0432 \u043f\u043e\u043a\u0440\u044b\u0442\u044b \u0440\u0435\u0437\u0438\u043d\u043e\u0439, \u043f\u043e\u0434\u0445\u043e\u0434\u044f\u0449\u0435\u0439 \u0434\u043b\u044f \u0440\u0430\u0431\u043e\u0447\u0435\u0439 \u0441\u0440\u0435\u0434\u044b.)[\/vc_column_text][vc_btn title=&#8221;detayl\u0131 bilgi ve teklif formu i\u00e7in t\u0131klay\u0131n\u0131z&#8221; style=&#8221;flat&#8221; color=&#8221;black&#8221; css_animation=&#8221;none&#8221; link=&#8221;url:http%3A%2F%2Frmkaucuk.com%2Filetisim%2F||target:%20_blank|&#8221;][\/vc_column][vc_column width=&#8221;1\/2&#8243;][vc_column_text]<a href=\"https:\/\/rmkaucuk.com\/wp-content\/uploads\/2023\/05\/70.jpg\"><img decoding=\"async\" class=\"alignnone size-medium wp-image-902\" src=\"https:\/\/rmkaucuk.com\/wp-content\/uploads\/2023\/05\/70-300x168.jpg\" alt=\"\" width=\"100%\" srcset=\"https:\/\/rmkaucuk.com\/wp-content\/uploads\/2023\/05\/70-300x168.jpg 300w, https:\/\/rmkaucuk.com\/wp-content\/uploads\/2023\/05\/70-768x431.jpg 768w, https:\/\/rmkaucuk.com\/wp-content\/uploads\/2023\/05\/70.jpg 990w\" sizes=\"(max-width: 300px) 100vw, 300px\" \/><\/a>[\/vc_column_text][\/vc_column][\/vc_row]<\/p>","protected":false},"excerpt":{"rendered":"<p>[vc_row][vc_column width=&#8221;1\/2&#8243;][vc_column_text]\u0424\u0443\u0442\u0435\u0440\u043e\u0432\u043a\u0430 \u0438 \u043f\u043e\u043a\u0440\u044b\u0442\u0438\u0435 \u0442\u0440\u0443\u0431 (\u0422\u0440\u0443\u0431\u044b \u0440\u0430\u0437\u043b\u0438\u0447\u043d\u044b\u0445 \u0440\u0430\u0437\u043c\u0435\u0440\u043e\u0432 \u043f\u043e\u043a\u0440\u044b\u0442\u044b \u0440\u0435\u0437\u0438\u043d\u043e\u0439, \u043f\u043e\u0434\u0445\u043e\u0434\u044f\u0449\u0435\u0439 \u0434\u043b\u044f \u0440\u0430\u0431\u043e\u0447\u0435\u0439 \u0441\u0440\u0435\u0434\u044b.)[\/vc_column_text][vc_btn title=&#8221;detayl\u0131 bilgi ve teklif formu i\u00e7in t\u0131klay\u0131n\u0131z&#8221; &#8230;<\/p>\n","protected":false},"author":1,"featured_media":977,"parent":821,"menu_order":0,"comment_status":"closed","ping_status":"closed","template":"","meta":{"footnotes":""},"_links":{"self":[{"href":"https:\/\/rmkaucuk.com\/ru\/wp-json\/wp\/v2\/pages\/916"}],"collection":[{"href":"https:\/\/rmkaucuk.com\/ru\/wp-json\/wp\/v2\/pages"}],"about":[{"href":"https:\/\/rmkaucuk.com\/ru\/wp-json\/wp\/v2\/types\/page"}],"author":[{"embeddable":true,"href":"https:\/\/rmkaucuk.com\/ru\/wp-json\/wp\/v2\/users\/1"}],"replies":[{"embeddable":true,"href":"https:\/\/rmkaucuk.com\/ru\/wp-json\/wp\/v2\/comments?post=916"}],"version-history":[{"count":7,"href":"https:\/\/rmkaucuk.com\/ru\/wp-json\/wp\/v2\/pages\/916\/revisions"}],"predecessor-version":[{"id":1071,"href":"https:\/\/rmkaucuk.com\/ru\/wp-json\/wp\/v2\/pages\/916\/revisions\/1071"}],"up":[{"embeddable":true,"href":"https:\/\/rmkaucuk.com\/ru\/wp-json\/wp\/v2\/pages\/821"}],"wp:featuredmedia":[{"embeddable":true,"href":"https:\/\/rmkaucuk.com\/ru\/wp-json\/wp\/v2\/media\/977"}],"wp:attachment":[{"href":"https:\/\/rmkaucuk.com\/ru\/wp-json\/wp\/v2\/media?parent=916"}],"curies":[{"name":"wp","href":"https:\/\/api.w.org\/{rel}","templated":true}]}}