{"id":956,"date":"2023-05-16T20:30:55","date_gmt":"2023-05-16T17:30:55","guid":{"rendered":"https:\/\/rmkaucuk.com\/?page_id=956"},"modified":"2023-06-07T10:57:52","modified_gmt":"2023-06-07T07:57:52","slug":"%d1%80%d0%b5%d0%b7%d0%b8%d0%bd%d0%be%d0%b2%d1%8b%d0%b5-%d0%b8%d0%b7%d0%bd%d0%be%d1%81%d0%be%d1%81%d1%82%d0%be%d0%b9%d0%ba%d0%b8%d0%b5-%d0%bf%d0%bb%d0%b0%d1%81%d1%82%d0%b8%d0%bd%d1%8b","status":"publish","type":"page","link":"https:\/\/rmkaucuk.com\/ru\/our-services-2\/%d1%80%d0%b5%d0%b7%d0%b8%d0%bd%d0%be%d0%b2%d1%8b%d0%b5-%d0%b8%d0%b7%d0%bd%d0%be%d1%81%d0%be%d1%81%d1%82%d0%be%d0%b9%d0%ba%d0%b8%d0%b5-%d0%bf%d0%bb%d0%b0%d1%81%d1%82%d0%b8%d0%bd%d1%8b\/","title":{"rendered":"\u0420\u0435\u0437\u0438\u043d\u043e\u0432\u044b\u0435 \u0438\u0437\u043d\u043e\u0441\u043e\u0441\u0442\u043e\u0439\u043a\u0438\u0435 \u043f\u043b\u0430\u0441\u0442\u0438\u043d\u044b"},"content":{"rendered":"<p>[vc_row][vc_column width=&#8221;1\/2&#8243;][vc_column_text]<strong>\u0440\u0435\u0437\u0438\u043d\u043e\u0432\u044b\u0435 \u0438\u0437\u043d\u043e\u0441\u043e\u0441\u0442\u043e\u0439\u043a\u0438\u0435 \u043f\u043b\u0430\u0441\u0442\u0438\u043d\u044b <\/strong>(\u043f\u0440\u043e\u0438\u0437\u0432\u043e\u0434\u0441\u0442\u0432\u043e \u043f\u043b\u0430\u0441\u0442\u0438\u043d, \u0438\u0441\u043f\u043e\u043b\u044c\u0437\u0443\u0435\u043c\u044b\u0445 \u0432 \u0443\u0441\u043b\u043e\u0432\u0438\u044f\u0445 \u0438\u0437\u043d\u043e\u0441\u0430)[\/vc_column_text][vc_btn title=&#8221;detayl\u0131 bilgi ve teklif formu i\u00e7in t\u0131klay\u0131n\u0131z&#8221; style=&#8221;flat&#8221; color=&#8221;black&#8221; css_animation=&#8221;none&#8221; link=&#8221;url:http%3A%2F%2Frmkaucuk.com%2Filetisim%2F||target:%20_blank|&#8221;][\/vc_column][vc_column width=&#8221;1\/2&#8243;][vc_column_text]<img loading=\"lazy\" decoding=\"async\" class=\"alignnone size-medium wp-image-957\" src=\"https:\/\/rmkaucuk.com\/wp-content\/uploads\/2023\/05\/20171230_114658-169x300.jpg\" alt=\"\" width=\"169\" height=\"300\" srcset=\"https:\/\/rmkaucuk.com\/wp-content\/uploads\/2023\/05\/20171230_114658-169x300.jpg 169w, https:\/\/rmkaucuk.com\/wp-content\/uploads\/2023\/05\/20171230_114658-576x1024.jpg 576w, https:\/\/rmkaucuk.com\/wp-content\/uploads\/2023\/05\/20171230_114658-768x1365.jpg 768w, https:\/\/rmkaucuk.com\/wp-content\/uploads\/2023\/05\/20171230_114658-864x1536.jpg 864w, https:\/\/rmkaucuk.com\/wp-content\/uploads\/2023\/05\/20171230_114658-1152x2048.jpg 1152w, https:\/\/rmkaucuk.com\/wp-content\/uploads\/2023\/05\/20171230_114658-scaled.jpg 1440w\" sizes=\"(max-width: 169px) 100vw, 169px\" \/>[\/vc_column_text][\/vc_column][\/vc_row]<\/p>","protected":false},"excerpt":{"rendered":"<p>[vc_row][vc_column width=&#8221;1\/2&#8243;][vc_column_text]\u0440\u0435\u0437\u0438\u043d\u043e\u0432\u044b\u0435 \u0438\u0437\u043d\u043e\u0441\u043e\u0441\u0442\u043e\u0439\u043a\u0438\u0435 \u043f\u043b\u0430\u0441\u0442\u0438\u043d\u044b (\u043f\u0440\u043e\u0438\u0437\u0432\u043e\u0434\u0441\u0442\u0432\u043e \u043f\u043b\u0430\u0441\u0442\u0438\u043d, \u0438\u0441\u043f\u043e\u043b\u044c\u0437\u0443\u0435\u043c\u044b\u0445 \u0432 \u0443\u0441\u043b\u043e\u0432\u0438\u044f\u0445 \u0438\u0437\u043d\u043e\u0441\u0430)[\/vc_column_text][vc_btn title=&#8221;detayl\u0131 bilgi ve teklif formu i\u00e7in t\u0131klay\u0131n\u0131z&#8221; style=&#8221;flat&#8221; color=&#8221;black&#8221; css_animation=&#8221;none&#8221; link=&#8221;url:http%3A%2F%2Frmkaucuk.com%2Filetisim%2F||target:%20_blank|&#8221;][\/vc_column][vc_column &#8230;<\/p>\n","protected":false},"author":2,"featured_media":958,"parent":821,"menu_order":0,"comment_status":"closed","ping_status":"closed","template":"","meta":{"footnotes":""},"_links":{"self":[{"href":"https:\/\/rmkaucuk.com\/ru\/wp-json\/wp\/v2\/pages\/956"}],"collection":[{"href":"https:\/\/rmkaucuk.com\/ru\/wp-json\/wp\/v2\/pages"}],"about":[{"href":"https:\/\/rmkaucuk.com\/ru\/wp-json\/wp\/v2\/types\/page"}],"author":[{"embeddable":true,"href":"https:\/\/rmkaucuk.com\/ru\/wp-json\/wp\/v2\/users\/2"}],"replies":[{"embeddable":true,"href":"https:\/\/rmkaucuk.com\/ru\/wp-json\/wp\/v2\/comments?post=956"}],"version-history":[{"count":3,"href":"https:\/\/rmkaucuk.com\/ru\/wp-json\/wp\/v2\/pages\/956\/revisions"}],"predecessor-version":[{"id":1067,"href":"https:\/\/rmkaucuk.com\/ru\/wp-json\/wp\/v2\/pages\/956\/revisions\/1067"}],"up":[{"embeddable":true,"href":"https:\/\/rmkaucuk.com\/ru\/wp-json\/wp\/v2\/pages\/821"}],"wp:featuredmedia":[{"embeddable":true,"href":"https:\/\/rmkaucuk.com\/ru\/wp-json\/wp\/v2\/media\/958"}],"wp:attachment":[{"href":"https:\/\/rmkaucuk.com\/ru\/wp-json\/wp\/v2\/media?parent=956"}],"curies":[{"name":"wp","href":"https:\/\/api.w.org\/{rel}","templated":true}]}}